{"id":39,"date":"2023-06-26T12:08:13","date_gmt":"2023-06-26T12:08:13","guid":{"rendered":"https:\/\/vigorous-newton.162-55-130-62.plesk.page\/?page_id=39"},"modified":"2023-06-27T09:20:27","modified_gmt":"2023-06-27T09:20:27","slug":"breakdance-39","status":"publish","type":"page","link":"https:\/\/vigorous-newton.162-55-130-62.plesk.page\/?page_id=39","title":{"rendered":"Armann-Systems \u00dcbung"},"content":{"rendered":"<section class=\"bde-section-39-101 bde-section\">\n          \n          \n  \n\t\n\n\n\n<div class=\"section-container\"><div class=\"bde-div-39-108 bde-div\">\n          \n          \n  \n\t\n\n\n\n<h1 class=\"bde-heading-39-110 bde-heading\">\n          \n          Der IT Partner.\n         <\/h1>\n         <\/div><div class=\"bde-div-39-103 bde-div\">\n          \n          \n  \n\t\n\n\n\n<h1 class=\"bde-heading-39-105 bde-heading\">\n          \n          \n         <\/h1>\n         <\/div><\/div>\n         <\/section><section class=\"bde-section-39-117 bde-section\">\n          \n          \n  \n\t\n\n\n\n<div class=\"section-container\"><div class=\"bde-columns-39-118 bde-columns\"><div class=\"bde-column-39-119 bde-column\">\n          \n          \n  \n\t\n\n\n\n\n         <\/div><div class=\"bde-column-39-120 bde-column\">\n          \n          \n  \n\t\n\n\n\n<div class=\"bde-div-39-123 bde-div\">\n          \n          \n  \n\t\n\n\n\n<h2 class=\"bde-heading-39-124 bde-heading\">\n          \n          IT Systemhaus\n         <\/h2><div class=\"bde-text-39-125 bde-text\">\n          \n          Finden Sie in uns einen Partner, der jederzeit f\u00fcr Sie da ist. Wir bauen L\u00f6sungen, die Ihnen den Arbeitsalltag vereinfachen. Ihr IT-Systemhaus.\n         <\/div>\n         <\/div>\n         <\/div><\/div><\/div>\n         <\/section><section class=\"bde-section-39-133 bde-section\">\n          \n          \n  \n\t\n\n\n\n<div class=\"section-container\"><div class=\"bde-columns-39-134 bde-columns\"><div class=\"bde-column-39-135 bde-column\">\n          \n          \n  \n\t\n\n\n\n<div class=\"bde-div-39-138 bde-div\">\n          \n          \n  \n\t\n\n\n\n<h2 class=\"bde-heading-39-139 bde-heading\">\n          \n          Telefonie\n         <\/h2><div class=\"bde-text-39-140 bde-text\">\n          \n          Mit unseren Partnern Swyx, Starface und Deutsche Telekom bauen wir zuverl\u00e4ssige Telefonie-Komplettl\u00f6sungen f\u00fcr kleine, mittlere und gro\u00dfe Unternehmen.\n         <\/div>\n         <\/div>\n         <\/div><div class=\"bde-column-39-136 bde-column\">\n          \n          \n  \n\t\n\n\n\n\n         <\/div><\/div><\/div>\n         <\/section><section class=\"bde-section-39-141 bde-section\">\n          \n          \n  \n\t\n\n\n\n<div class=\"section-container\"><div class=\"bde-columns-39-142 bde-columns\"><div class=\"bde-column-39-143 bde-column\">\n          \n          \n  \n\t\n\n\n\n\n         <\/div><div class=\"bde-column-39-144 bde-column\">\n          \n          \n  \n\t\n\n\n\n<div class=\"bde-div-39-145 bde-div\">\n          \n          \n  \n\t\n\n\n\n<h2 class=\"bde-heading-39-146 bde-heading\">\n          \n          Datacenter\n         <\/h2><div class=\"bde-text-39-147 bde-text\">\n          \n          Lokaler Datenspeicher im Raid, Storage und Scale-Out Speicher. Egal welche Technik Sie einsetzen oder in Frage kommt, als zertifiziertes IT Systemhaus unterst\u00fctzen wir Sie bei der Auswahl des richtigen Speichers, der Einrichtung, im Betrieb und beim Support.\n         <\/div>\n         <\/div>\n         <\/div><\/div><\/div>\n         <\/section><section class=\"bde-section-39-148 bde-section\">\n          \n          \n  \n\t\n\n\n\n<div class=\"section-container\"><div class=\"bde-columns-39-149 bde-columns\"><div class=\"bde-column-39-150 bde-column\">\n          \n          \n  \n\t\n\n\n\n<div class=\"bde-div-39-152 bde-div\">\n          \n          \n  \n\t\n\n\n\n<h2 class=\"bde-heading-39-153 bde-heading\">\n          \n          Business Apps\n         <\/h2><div class=\"bde-text-39-154 bde-text\">\n          \n          Alles was Sie f\u00fcr das Gesch\u00e4ft brauchen. Einfach bedienbare Programme vom Angebot bis zur Rechnung, samt Warenwirtschaft, Lagerverwaltung, Buchhaltung und Personal.\n         <\/div>\n         <\/div>\n         <\/div><div class=\"bde-column-39-151 bde-column\">\n          \n          \n  \n\t\n\n\n\n\n         <\/div><\/div><\/div>\n         <\/section><section class=\"bde-section-39-155 bde-section\">\n          \n          \n  \n\t\n\n\n\n<div class=\"section-container\"><div class=\"bde-columns-39-156 bde-columns\"><div class=\"bde-column-39-159 bde-column\">\n          \n          \n  \n\t\n\n\n\n<div class=\"bde-div-39-161 bde-div\">\n          \n          \n  \n\t\n\n\n\n<h2 class=\"bde-heading-39-162 bde-heading\">\n          \n          Feedback\n         <\/h2><div class=\"bde-text-39-163 bde-text\">\n          \n          Wir freuen uns \u00fcber jede Kritik und m\u00f6chten uns stetig verbessern. Wenn du willst, dann like uns bei Facebook.\n         <\/div>\n         <\/div><div class=\"bde-icon-39-195 bde-icon\">\n          \n          \n    \n                    \n            \n            \n\n    \n    \n    <a class=\"breakdance-link  bde-icon-icon breakdance-icon-atom\" href=\"https:\/\/www.facebook.com\/armannsystems\/\" target=\"_self\" data-type=\"url\"  >\n\n    \n                    <svg xmlns=\"http:\/\/www.w3.org\/2000\/svg\" id=\"icon-facebook\" viewBox=\"0 0 32 32\">\n<path d=\"M19 6h5v-6h-5c-3.86 0-7 3.14-7 7v3h-4v6h4v16h6v-16h5l1-6h-6v-3c0-0.542 0.458-1 1-1z\"\/>\n<\/svg>\n        \n        \n        \n                <\/a>\n\n    \n\n\n         <\/div>\n         <\/div><div class=\"bde-column-39-160 bde-column\">\n          \n          \n  \n\t\n\n\n\n\n         <\/div><\/div><\/div>\n         <\/section><section class=\"bde-section-39-212 bde-section\">\n          \n          \n  \n\t\n\n\n\n<div class=\"section-container\"><div class=\"bde-div-39-213 bde-div\">\n          \n          \n  \n\t\n\n\n\n<h1 class=\"bde-heading-39-214 bde-heading\">\n          \n          Unsere Partner\n         <\/h1>\n         <\/div><\/div>\n         <\/section><section class=\"bde-section-39-196 bde-section\">\n          \n          \n  \n\t\n\n\n\n<div class=\"section-container\"><div class=\"bde-div-39-223 bde-div\">\n          \n          \n  \n\t\n\n\n\n<div class=\"bde-image-39-224 bde-image\">\n          \n           \n\n\n\n\n\n<figure class=\"breakdance-image breakdance-image--111\">\n\t<div class=\"breakdance-image-container\">\n\t\t<div class=\"breakdance-image-clip\">\n\t\t\t\t\t\t<a class=\"breakdance-image-link breakdance-image-link--url\" href=\"https:\/\/www.lexware.de\/\" target=\"_self\" rel=\"noopener\" data-sub-html=\"\" data-lg-size=\"-\">\n\t\t\t\t\n\t\t\t\t\n\t\t\t\t\t      \n  \n  \n  \n  \n      \n      <img loading=\"lazy\" decoding=\"async\"\n      class=\"breakdance-image-object\"\n      src=\"https:\/\/vigorous-newton.162-55-130-62.plesk.page\/wp-content\/uploads\/2023\/06\/lex-e1687847586791-150.jpg\"\n      width=\"150\"\n      height=\"88\"\n      alt=\"alt=\"\n      \n              srcset=\"https:\/\/vigorous-newton.162-55-130-62.plesk.page\/wp-content\/uploads\/2023\/06\/lex-e1687847586791.jpg 814w, https:\/\/vigorous-newton.162-55-130-62.plesk.page\/wp-content\/uploads\/2023\/06\/lex-e1687847586791-300x176.jpg 300w, https:\/\/vigorous-newton.162-55-130-62.plesk.page\/wp-content\/uploads\/2023\/06\/lex-e1687847586791-768x450.jpg 768w\"\n              sizes=\"auto, (max-width: 814px) 100vw, 814px\"\n          >\n  \n\n\t\t\t\t\t\n\t\t\t\t\t\t\t<\/a>\n\t\t\t\t\t<\/div>\n\t<\/div>\n\n\t<\/figure>\n\n         <\/div>\n         <\/div><div class=\"bde-div-39-200 bde-div\">\n          \n          \n  \n\t\n\n\n\n<div class=\"bde-image-39-205 bde-image\">\n          \n           \n\n\n\n\n\n<figure class=\"breakdance-image breakdance-image--112\">\n\t<div class=\"breakdance-image-container\">\n\t\t<div class=\"breakdance-image-clip\">\n\t\t\t\t\t\t<a class=\"breakdance-image-link breakdance-image-link--url\" href=\"https:\/\/www.lenovo.com\/de\/de\/?orgRef=https%253A%252F%252Farmann-systems.com%252F\" target=\"_self\" rel=\"noopener\" data-sub-html=\"\" data-lg-size=\"-\">\n\t\t\t\t\n\t\t\t\t\n\t\t\t\t\t      \n  \n        \n  \n  \n      \n      <img loading=\"lazy\" decoding=\"async\"\n      class=\"breakdance-image-object\"\n      src=\"https:\/\/vigorous-newton.162-55-130-62.plesk.page\/wp-content\/uploads\/2023\/06\/len-e1687847231596-125-94.png\"\n      width=\"125\"\n      height=\"36\"\n      \n      \n              srcset=\"\"\n              sizes=\"auto, (max-width: 238px) 100vw, 238px\"\n          >\n  \n\n\t\t\t\t\t\n\t\t\t\t\t\t\t<\/a>\n\t\t\t\t\t<\/div>\n\t<\/div>\n\n\t<\/figure>\n\n         <\/div>\n         <\/div><div class=\"bde-div-39-201 bde-div\">\n          \n          \n  \n\t\n\n\n\n<div class=\"bde-image-39-206 bde-image\">\n          \n           \n\n\n\n\n\n<figure class=\"breakdance-image breakdance-image--113\">\n\t<div class=\"breakdance-image-container\">\n\t\t<div class=\"breakdance-image-clip\">\n\t\t\t\t\t\t<a class=\"breakdance-image-link breakdance-image-link--url\" href=\"https:\/\/starface.com\/\" target=\"_self\" rel=\"noopener\" data-sub-html=\"\" data-lg-size=\"-\">\n\t\t\t\t\n\t\t\t\t\n\t\t\t\t\t      \n  \n        \n  \n  \n      \n      <img loading=\"lazy\" decoding=\"async\"\n      class=\"breakdance-image-object\"\n      src=\"https:\/\/vigorous-newton.162-55-130-62.plesk.page\/wp-content\/uploads\/2023\/06\/star-100-123.jpg\"\n      width=\"100\"\n      height=\"98\"\n      \n      \n              srcset=\"\"\n              sizes=\"auto, \"\n          >\n  \n\n\t\t\t\t\t\n\t\t\t\t\t\t\t<\/a>\n\t\t\t\t\t<\/div>\n\t<\/div>\n\n\t<\/figure>\n\n         <\/div>\n         <\/div><div class=\"bde-div-39-202 bde-div\">\n          \n          \n  \n\t\n\n\n\n<div class=\"bde-image-39-207 bde-image\">\n          \n           \n\n\n\n\n\n<figure class=\"breakdance-image breakdance-image--114\">\n\t<div class=\"breakdance-image-container\">\n\t\t<div class=\"breakdance-image-clip\">\n\t\t\t\t\t\t<a class=\"breakdance-image-link breakdance-image-link--url\" href=\"https:\/\/www.hp.com\/de-de\/home.html\" target=\"_self\" rel=\"noopener\" data-sub-html=\"\" data-lg-size=\"-\">\n\t\t\t\t\n\t\t\t\t\n\t\t\t\t\t      \n  \n        \n  \n  \n      \n      <img loading=\"lazy\" decoding=\"async\"\n      class=\"breakdance-image-object\"\n      src=\"https:\/\/vigorous-newton.162-55-130-62.plesk.page\/wp-content\/uploads\/2023\/06\/hp-150.png\"\n      width=\"150\"\n      height=\"94\"\n      \n      \n              srcset=\"\"\n              sizes=\"auto, \"\n          >\n  \n\n\t\t\t\t\t\n\t\t\t\t\t\t\t<\/a>\n\t\t\t\t\t<\/div>\n\t<\/div>\n\n\t<\/figure>\n\n         <\/div>\n         <\/div><div class=\"bde-div-39-203 bde-div\">\n          \n          \n  \n\t\n\n\n\n<div class=\"bde-image-39-208 bde-image\">\n          \n           \n\n\n\n\n\n<figure class=\"breakdance-image breakdance-image--115\">\n\t<div class=\"breakdance-image-container\">\n\t\t<div class=\"breakdance-image-clip\">\n\t\t\t\t\t\t<a class=\"breakdance-image-link breakdance-image-link--url\" href=\"https:\/\/www.sophos.com\/de-de\" target=\"_self\" rel=\"noopener\" data-sub-html=\"\" data-lg-size=\"-\">\n\t\t\t\t\n\t\t\t\t\n\t\t\t\t\t      \n  \n        \n  \n  \n      \n      <img loading=\"lazy\" decoding=\"async\"\n      class=\"breakdance-image-object\"\n      src=\"https:\/\/vigorous-newton.162-55-130-62.plesk.page\/wp-content\/uploads\/2023\/06\/sophos-silver-partner-150.png\"\n      width=\"150\"\n      height=\"71\"\n      \n      \n              srcset=\"\"\n              sizes=\"auto, \"\n          >\n  \n\n\t\t\t\t\t\n\t\t\t\t\t\t\t<\/a>\n\t\t\t\t\t<\/div>\n\t<\/div>\n\n\t<\/figure>\n\n         <\/div>\n         <\/div><div class=\"bde-div-39-221 bde-div\">\n          \n          \n  \n\t\n\n\n\n<div class=\"bde-image-39-222 bde-image\">\n          \n           \n\n\n\n\n\n<figure class=\"breakdance-image breakdance-image--117\">\n\t<div class=\"breakdance-image-container\">\n\t\t<div class=\"breakdance-image-clip\">\n\t\t\t\t\t\t<a class=\"breakdance-image-link breakdance-image-link--url\" href=\"https:\/\/geschaeftskunden.telekom.de\/\" target=\"_self\" rel=\"noopener\" data-sub-html=\"\" data-lg-size=\"-\">\n\t\t\t\t\n\t\t\t\t\n\t\t\t\t\t      \n  \n        \n  \n  \n      \n      <img loading=\"lazy\" decoding=\"async\"\n      class=\"breakdance-image-object\"\n      src=\"https:\/\/vigorous-newton.162-55-130-62.plesk.page\/wp-content\/uploads\/2023\/06\/telek-150.png\"\n      width=\"150\"\n      height=\"94\"\n      \n      \n              srcset=\"\"\n              sizes=\"auto, \"\n          >\n  \n\n\t\t\t\t\t\n\t\t\t\t\t\t\t<\/a>\n\t\t\t\t\t<\/div>\n\t<\/div>\n\n\t<\/figure>\n\n         <\/div>\n         <\/div><\/div>\n         <\/section><section class=\"bde-section-39-215 bde-section\">\n          \n          \n  \n\t\n\n\n\n<div class=\"section-container\"><div class=\"bde-div-39-216 bde-div\">\n          \n          \n  \n\t\n\n\n\n<div class=\"bde-image-39-225 bde-image\">\n          \n           \n\n\n\n\n\n<figure class=\"breakdance-image breakdance-image--119\">\n\t<div class=\"breakdance-image-container\">\n\t\t<div class=\"breakdance-image-clip\">\n\t\t\t\t\t\t<a class=\"breakdance-image-link breakdance-image-link--url\" href=\"https:\/\/www.altaro.com\/de\/\" target=\"_self\" rel=\"noopener\" data-sub-html=\"\" data-lg-size=\"-\">\n\t\t\t\t\n\t\t\t\t\n\t\t\t\t\t      \n  \n        \n  \n  \n      \n      <img loading=\"lazy\" decoding=\"async\"\n      class=\"breakdance-image-object\"\n      src=\"https:\/\/vigorous-newton.162-55-130-62.plesk.page\/wp-content\/uploads\/2023\/06\/Altaro-Logo-150.png\"\n      width=\"150\"\n      height=\"42\"\n      \n      \n              srcset=\"\"\n              sizes=\"auto, \"\n          >\n  \n\n\t\t\t\t\t\n\t\t\t\t\t\t\t<\/a>\n\t\t\t\t\t<\/div>\n\t<\/div>\n\n\t<\/figure>\n\n         <\/div>\n         <\/div><div class=\"bde-div-39-217 bde-div\">\n          \n          \n  \n\t\n\n\n\n<div class=\"bde-image-39-226 bde-image\">\n          \n           \n\n\n\n\n\n<figure class=\"breakdance-image breakdance-image--120\">\n\t<div class=\"breakdance-image-container\">\n\t\t<div class=\"breakdance-image-clip\">\n\t\t\t\t\t\t<a class=\"breakdance-image-link breakdance-image-link--url\" href=\"https:\/\/www.microsoft.com\/de-de\/\" target=\"_self\" rel=\"noopener\" data-sub-html=\"\" data-lg-size=\"-\">\n\t\t\t\t\n\t\t\t\t\n\t\t\t\t\t      \n  \n        \n  \n  \n      \n      <img loading=\"lazy\" decoding=\"async\"\n      class=\"breakdance-image-object\"\n      src=\"https:\/\/vigorous-newton.162-55-130-62.plesk.page\/wp-content\/uploads\/2023\/06\/Microsoft-150.png\"\n      width=\"150\"\n      height=\"58\"\n      \n      \n              srcset=\"\"\n              sizes=\"auto, \"\n          >\n  \n\n\t\t\t\t\t\n\t\t\t\t\t\t\t<\/a>\n\t\t\t\t\t<\/div>\n\t<\/div>\n\n\t<\/figure>\n\n         <\/div>\n         <\/div><div class=\"bde-div-39-218 bde-div\">\n          \n          \n  \n\t\n\n\n\n<div class=\"bde-image-39-228 bde-image\">\n          \n           \n\n\n\n\n\n<figure class=\"breakdance-image breakdance-image--121\">\n\t<div class=\"breakdance-image-container\">\n\t\t<div class=\"breakdance-image-clip\">\n\t\t\t\t\t\t<a class=\"breakdance-image-link breakdance-image-link--url\" href=\"https:\/\/www.r-kom.de\/\" target=\"_self\" rel=\"noopener\" data-sub-html=\"\" data-lg-size=\"-\">\n\t\t\t\t\n\t\t\t\t\n\t\t\t\t\t      \n  \n        \n  \n  \n      \n      <img loading=\"lazy\" decoding=\"async\"\n      class=\"breakdance-image-object\"\n      src=\"https:\/\/vigorous-newton.162-55-130-62.plesk.page\/wp-content\/uploads\/2023\/06\/R-KOM-Logo-150.png\"\n      width=\"150\"\n      height=\"74\"\n      \n      \n              srcset=\"\"\n              sizes=\"auto, \"\n          >\n  \n\n\t\t\t\t\t\n\t\t\t\t\t\t\t<\/a>\n\t\t\t\t\t<\/div>\n\t<\/div>\n\n\t<\/figure>\n\n         <\/div>\n         <\/div><div class=\"bde-div-39-219 bde-div\">\n          \n          \n  \n\t\n\n\n\n<div class=\"bde-image-39-229 bde-image\">\n          \n           \n\n\n\n\n\n<figure class=\"breakdance-image breakdance-image--122\">\n\t<div class=\"breakdance-image-container\">\n\t\t<div class=\"breakdance-image-clip\">\n\t\t\t\t\t\t<a class=\"breakdance-image-link breakdance-image-link--url\" href=\"https:\/\/www.gigabyte.com\/\" target=\"_self\" rel=\"noopener\" data-sub-html=\"\" data-lg-size=\"-\">\n\t\t\t\t\n\t\t\t\t\n\t\t\t\t\t      \n  \n        \n  \n  \n      \n      <img loading=\"lazy\" decoding=\"async\"\n      class=\"breakdance-image-object\"\n      src=\"https:\/\/vigorous-newton.162-55-130-62.plesk.page\/wp-content\/uploads\/2023\/06\/Gigabyte-Zeichen-150.png\"\n      width=\"150\"\n      height=\"84\"\n      \n      \n              srcset=\"https:\/\/vigorous-newton.162-55-130-62.plesk.page\/wp-content\/uploads\/2023\/06\/Gigabyte-Zeichen.png 1920w, https:\/\/vigorous-newton.162-55-130-62.plesk.page\/wp-content\/uploads\/2023\/06\/Gigabyte-Zeichen-300x169.png 300w, https:\/\/vigorous-newton.162-55-130-62.plesk.page\/wp-content\/uploads\/2023\/06\/Gigabyte-Zeichen-1024x576.png 1024w, https:\/\/vigorous-newton.162-55-130-62.plesk.page\/wp-content\/uploads\/2023\/06\/Gigabyte-Zeichen-768x432.png 768w, https:\/\/vigorous-newton.162-55-130-62.plesk.page\/wp-content\/uploads\/2023\/06\/Gigabyte-Zeichen-1536x864.png 1536w\"\n              sizes=\"auto, (max-width: 1920px) 100vw, 1920px\"\n          >\n  \n\n\t\t\t\t\t\n\t\t\t\t\t\t\t<\/a>\n\t\t\t\t\t<\/div>\n\t<\/div>\n\n\t<\/figure>\n\n         <\/div>\n         <\/div><div class=\"bde-div-39-220 bde-div\">\n          \n          \n  \n\t\n\n\n\n<div class=\"bde-image-39-230 bde-image\">\n          \n           \n\n\n\n\n\n<figure class=\"breakdance-image breakdance-image--123\">\n\t<div class=\"breakdance-image-container\">\n\t\t<div class=\"breakdance-image-clip\">\n\t\t\t\t\t\t<a class=\"breakdance-image-link breakdance-image-link--url\" href=\"https:\/\/www.amd.com\/de.html\" target=\"_self\" rel=\"noopener\" data-sub-html=\"\" data-lg-size=\"-\">\n\t\t\t\t\n\t\t\t\t\n\t\t\t\t\t      \n  \n        \n  \n  \n      \n      <img loading=\"lazy\" decoding=\"async\"\n      class=\"breakdance-image-object\"\n      src=\"https:\/\/vigorous-newton.162-55-130-62.plesk.page\/wp-content\/uploads\/2023\/06\/AMD-Logo-150.png\"\n      width=\"150\"\n      height=\"84\"\n      \n      \n              srcset=\"https:\/\/vigorous-newton.162-55-130-62.plesk.page\/wp-content\/uploads\/2023\/06\/AMD-Logo.png 3840w, https:\/\/vigorous-newton.162-55-130-62.plesk.page\/wp-content\/uploads\/2023\/06\/AMD-Logo-300x169.png 300w, https:\/\/vigorous-newton.162-55-130-62.plesk.page\/wp-content\/uploads\/2023\/06\/AMD-Logo-1024x576.png 1024w, https:\/\/vigorous-newton.162-55-130-62.plesk.page\/wp-content\/uploads\/2023\/06\/AMD-Logo-768x432.png 768w, https:\/\/vigorous-newton.162-55-130-62.plesk.page\/wp-content\/uploads\/2023\/06\/AMD-Logo-1536x864.png 1536w, https:\/\/vigorous-newton.162-55-130-62.plesk.page\/wp-content\/uploads\/2023\/06\/AMD-Logo-2048x1152.png 2048w\"\n              sizes=\"auto, (max-width: 3840px) 100vw, 3840px\"\n          >\n  \n\n\t\t\t\t\t\n\t\t\t\t\t\t\t<\/a>\n\t\t\t\t\t<\/div>\n\t<\/div>\n\n\t<\/figure>\n\n         <\/div>\n         <\/div><div class=\"bde-div-39-227 bde-div\">\n          \n          \n  \n\t\n\n\n\n<div class=\"bde-image-39-231 bde-image\">\n          \n           \n\n\n\n\n\n<figure class=\"breakdance-image breakdance-image--124\">\n\t<div class=\"breakdance-image-container\">\n\t\t<div class=\"breakdance-image-clip\">\n\t\t\t\t\t\t<a class=\"breakdance-image-link breakdance-image-link--url\" href=\"https:\/\/www.vmware.com\/de.html\" target=\"_self\" rel=\"noopener\" data-sub-html=\"\" data-lg-size=\"-\">\n\t\t\t\t\n\t\t\t\t\n\t\t\t\t\t      \n  \n        \n  \n  \n      \n      <img loading=\"lazy\" decoding=\"async\"\n      class=\"breakdance-image-object\"\n      src=\"https:\/\/vigorous-newton.162-55-130-62.plesk.page\/wp-content\/uploads\/2023\/06\/vmware_logo-150.png\"\n      width=\"150\"\n      height=\"119\"\n      \n      \n              srcset=\"\"\n              sizes=\"auto, \"\n          >\n  \n\n\t\t\t\t\t\n\t\t\t\t\t\t\t<\/a>\n\t\t\t\t\t<\/div>\n\t<\/div>\n\n\t<\/figure>\n\n         <\/div>\n         <\/div><\/div>\n         <\/section>","protected":false},"excerpt":{"rendered":"","protected":false},"author":4,"featured_media":0,"parent":0,"menu_order":0,"comment_status":"closed","ping_status":"closed","template":"","meta":{"_breakdance_hide_in_design_set":false,"_breakdance_tags":"","footnotes":""},"class_list":["post-39","page","type-page","status-publish","hentry"],"_links":{"self":[{"href":"https:\/\/vigorous-newton.162-55-130-62.plesk.page\/index.php?rest_route=\/wp\/v2\/pages\/39","targetHints":{"allow":["GET"]}}],"collection":[{"href":"https:\/\/vigorous-newton.162-55-130-62.plesk.page\/index.php?rest_route=\/wp\/v2\/pages"}],"about":[{"href":"https:\/\/vigorous-newton.162-55-130-62.plesk.page\/index.php?rest_route=\/wp\/v2\/types\/page"}],"author":[{"embeddable":true,"href":"https:\/\/vigorous-newton.162-55-130-62.plesk.page\/index.php?rest_route=\/wp\/v2\/users\/4"}],"replies":[{"embeddable":true,"href":"https:\/\/vigorous-newton.162-55-130-62.plesk.page\/index.php?rest_route=%2Fwp%2Fv2%2Fcomments&post=39"}],"version-history":[{"count":59,"href":"https:\/\/vigorous-newton.162-55-130-62.plesk.page\/index.php?rest_route=\/wp\/v2\/pages\/39\/revisions"}],"predecessor-version":[{"id":131,"href":"https:\/\/vigorous-newton.162-55-130-62.plesk.page\/index.php?rest_route=\/wp\/v2\/pages\/39\/revisions\/131"}],"wp:attachment":[{"href":"https:\/\/vigorous-newton.162-55-130-62.plesk.page\/index.php?rest_route=%2Fwp%2Fv2%2Fmedia&parent=39"}],"curies":[{"name":"wp","href":"https:\/\/api.w.org\/{rel}","templated":true}]}}